{"id":9,"date":"2026-03-18T09:30:12","date_gmt":"2026-03-18T09:30:12","guid":{"rendered":"https:\/\/www.easysail.fr\/site\/?page_id=9"},"modified":"2026-03-18T09:30:12","modified_gmt":"2026-03-18T09:30:12","slug":"faq","status":"publish","type":"page","link":"https:\/\/www.easysail.fr\/site\/faq\/","title":{"rendered":"Vos questions"},"content":{"rendered":"<div class=\"bloc_hdp \" >\n<div class=\"inner\">\n<h1>Vos questions<\/h1>\n<\/div>\n<\/div>\n<div id=\"bloc_1\" class=\"bloc_para\">\n<div class=\"inner ptl pbl\">\n<div class=\"grid-1-small-1\">\n<div class=\"para para_1\">\n<h3>En combien de temps livrez-vous ?<\/h3>\n<p>D\u00e8s r\u00e9ception de votre commande, nous exp\u00e9dions votre voile depuis notre site \u00e0 Millau, dans l&rsquo;Aveyron. Vous recevez votre voile d&rsquo;ombrage en 5 jours ouvr\u00e9s.<\/p>\n<h3>Les retours sont-ils possible ?<\/h3>\n<p>Oui, vous pouvez retourner le produit dans les 14 jours, \u00e0 compter de la date de r\u00e9ception du colis.<\/p>\n<h3>Le paiement est-il s\u00e9curis\u00e9 ?<\/h3>\n<p>Oui, nous utilisons le protocole SSL pour toutes les transactions. Elles sont 100% s\u00e9curis\u00e9es.<\/p>\n<h3>En cas de question, puis-je vous contacter ?<\/h3>\n<p>Bien-s\u00fbr, nous adorons partager avec vous notre passion pour les belles voiles d&rsquo;ombrage ! Vous pouvez nous contacter\u00a0<a href=\"\/contactez-nous\">ici<\/a>.<\/p>\n<h3>O\u00f9 sont fabriqu\u00e9es les voiles d&rsquo;ombrage ?<\/h3>\n<p>Nos voiles sont <a href=\"https:\/\/www.easysail.fr\/site\/voile-ombrage-made-in-france\/\">100% fran\u00e7aises<\/a>, et c\u2019est une r\u00e9elle fiert\u00e9\u00a0! Notre soci\u00e9t\u00e9, bas\u00e9e \u00e0 Millau, dans l\u2019Aveyron, est un acteur important de la protection solaire depuis 1954.<\/p>\n<h3>Comment poser une voile d&rsquo;ombrage ?<\/h3>\n<p>Tr\u00e8s facilement\u00a0! En 3 minutes et <a href=\"https:\/\/www.easysail.fr\/site\/accessoires-voile-ombrage\/\">sans aucun outil<\/a>, vous aurez install\u00e9 et tendu la voile. Retrouvez ici quelques\u00a0<a href=\"https:\/\/www.easysail.fr\/site\/installation-entretien-voile-ombrage\/\">instructions d&rsquo;installation<\/a>.<\/p>\n<h3>Que faire si je n&rsquo;ai aucun support pour attacher les cordes de\u00a0la voile ?<\/h3>\n<p>Vous avez la possibilit\u00e9 d&rsquo;ajouter un <a href=\"https:\/\/www.easysail.fr\/accessoires\/48-mat-et-ancrage-pour-voile-easy-sail.html\">m\u00e2t de fixation<\/a>. Ancr\u00e9 dans le sol, le\u00a0m\u00e2t sp\u00e9cifique pour voile EASY SAIL est\u00a0design et qualitatif en aluminium anodis\u00e9. Il permet un point de fixation des voiles dans une zone o\u00f9 il n&rsquo;existe pas d&rsquo;autre point d&rsquo;accroche .<\/p>\n<h3>Les UV sont-ils filtr\u00e9s par la voile ?<\/h3>\n<p>Oui. La voile Easy Sail propose d&rsquo;excellentes performances\u00a0en filtration des UV.<br \/> Voile de couleurs, UPF40 : 97,4 % des UV filtre\u0301s<br \/> Voile blanche UPF20 : 95,9 % des UV filtre\u0301s<br \/> <span style=\"font-weight: 400;\">Norme EN 13758.<\/span><\/p>\n<h3>Est-ce qu&rsquo;il y a une garantie ?<\/h3>\n<p>Oui, tous nos produits sont garantis 2 ans.<\/p>\n<h3>La voile r\u00e9siste-elle au vent ?<\/h3>\n<p>Oui. La voile est dot\u00e9e, gr\u00e2ce \u00e0 l\u2019\u00e9lasticit\u00e9 et une tension impeccable, d\u2019une <a href=\"https:\/\/www.easysail.fr\/site\/resistance-au-vent-voile-dombrage\/\">excellente r\u00e9sistance au vent<\/a> (ce qui n\u2019est pas en g\u00e9n\u00e9ral le cas des produits classiques).<\/p>\n<h3>Est-ce que la toile passe \u00e0 la machine \u00e0 laver ?<\/h3>\n<p>Oui. L&rsquo;entretien de nos voiles d&rsquo;ombrage est <a href=\"https:\/\/www.easysail.fr\/site\/entretien-voile-ombrage\/\">tr\u00e8s facile<\/a>.<\/p>\n<h3>Quels traitement sp\u00e9cifiques a re\u00e7u la voile ?<\/h3>\n<p>La toile a re\u00e7u un traitement d&rsquo;imputrescibilit\u00e9. Ainsi, <a href=\"https:\/\/www.easysail.fr\/site\/voile-ombrage-deperlante\/\">la voile d&rsquo;ombrage est d\u00e9perlante<\/a>\u00a0: l&rsquo;eau ne s&rsquo;infiltre pas et s&rsquo;\u00e9coule le long de la voile.<\/p>\n<\/div>\n<\/div>\n<\/div>\n<\/div>\n","protected":false},"excerpt":{"rendered":"<p>Vos questions En combien de temps livrez-vous ? D\u00e8s r\u00e9ception de votre commande, nous exp\u00e9dions votre voile depuis notre site&#8230;<\/p>\n","protected":false},"author":0,"featured_media":0,"parent":0,"menu_order":0,"comment_status":"closed","ping_status":"closed","template":"","meta":{"footnotes":""},"_links":{"self":[{"href":"https:\/\/www.easysail.fr\/site\/wp-json\/wp\/v2\/pages\/9"}],"collection":[{"href":"https:\/\/www.easysail.fr\/site\/wp-json\/wp\/v2\/pages"}],"about":[{"href":"https:\/\/www.easysail.fr\/site\/wp-json\/wp\/v2\/types\/page"}],"replies":[{"embeddable":true,"href":"https:\/\/www.easysail.fr\/site\/wp-json\/wp\/v2\/comments?post=9"}],"version-history":[{"count":0,"href":"https:\/\/www.easysail.fr\/site\/wp-json\/wp\/v2\/pages\/9\/revisions"}],"wp:attachment":[{"href":"https:\/\/www.easysail.fr\/site\/wp-json\/wp\/v2\/media?parent=9"}],"curies":[{"name":"wp","href":"https:\/\/api.w.org\/{rel}","templated":true}]}}