{"id":6,"date":"2026-03-18T09:30:09","date_gmt":"2026-03-18T09:30:09","guid":{"rendered":"https:\/\/www.easysail.fr\/site\/?page_id=6"},"modified":"2026-03-18T09:30:09","modified_gmt":"2026-03-18T09:30:09","slug":"contact","status":"publish","type":"page","link":"https:\/\/www.easysail.fr\/site\/contact\/","title":{"rendered":"Contact"},"content":{"rendered":"<div class=\"bloc_hdp \" >\n<div class=\"inner\">\n<h1>Contactez-nous !<\/h1>\n<p class=\"sstitre emphase\">Comment pouvons-nous vous aider ?<\/p>\n<\/div>\n<\/div>\n<div id=\"bloc_1\" class=\"bloc_para\">\n<div class=\"inner ptl pbl\">\n<div class=\"grid-1-small-1\">\n<div class=\"para para_1\">\n<p>Vous avez des questions au sujet des nos voiles d&rsquo;ombrage ? Vous souhaitez des pr\u00e9cisions concernant leur installation ? Vous h\u00e9sitez entre diff\u00e9rents mod\u00e8les de voiles de jardin ?<\/p>\n<p>N&rsquo;h\u00e9sitez pas \u00e0 nous contacter ! Nos \u00e9quipes, localis\u00e9es en France et expertes en voiles d&rsquo;ombrage, sont enti\u00e8rement \u00e0 votre disposition pour r\u00e9pondre \u00e0 vos questions.<\/p>\n<\/p>\n<p><i class=\"fa fa-envelope\" aria-hidden=\"true\"><\/i><strong> Depuis le formulaire ci-dessous :<\/strong><\/p>\n<\/div>\n<\/div>\n<\/div>\n<\/div>\n<div class=\"bloc_code\">\n<hr>\n<p> <script charset=\"utf-8\" type=\"text\/javascript\" src=\"\/\/js.hsforms.net\/forms\/v2.js\"><\/script> <script>hbspt.forms.create({\n\tportalId: \"4034757\",\n\tformId: \"c66da701-fde9-404b-ac46-6b4e1b8904ed\",\n\ttarget: \".bloc_code\",\n\tonFormSubmit: function($form) {\n\t\t dataLayer.push({ 'event': 'omaha_soumission_formulaire', 'identifiant_formulaire': 'contact' });\n\t }\n});<\/script><\/div>\n","protected":false},"excerpt":{"rendered":"<p>Contactez-nous ! Comment pouvons-nous vous aider ? Vous avez des questions au sujet des nos voiles d&rsquo;ombrage ? Vous souhaitez&#8230;<\/p>\n","protected":false},"author":0,"featured_media":0,"parent":0,"menu_order":0,"comment_status":"closed","ping_status":"closed","template":"","meta":{"footnotes":""},"_links":{"self":[{"href":"https:\/\/www.easysail.fr\/site\/wp-json\/wp\/v2\/pages\/6"}],"collection":[{"href":"https:\/\/www.easysail.fr\/site\/wp-json\/wp\/v2\/pages"}],"about":[{"href":"https:\/\/www.easysail.fr\/site\/wp-json\/wp\/v2\/types\/page"}],"replies":[{"embeddable":true,"href":"https:\/\/www.easysail.fr\/site\/wp-json\/wp\/v2\/comments?post=6"}],"version-history":[{"count":0,"href":"https:\/\/www.easysail.fr\/site\/wp-json\/wp\/v2\/pages\/6\/revisions"}],"wp:attachment":[{"href":"https:\/\/www.easysail.fr\/site\/wp-json\/wp\/v2\/media?parent=6"}],"curies":[{"name":"wp","href":"https:\/\/api.w.org\/{rel}","templated":true}]}}