{"id":24,"date":"2026-03-18T09:30:27","date_gmt":"2026-03-18T09:30:27","guid":{"rendered":"https:\/\/www.easysail.fr\/site\/?page_id=24"},"modified":"2026-03-18T09:30:27","modified_gmt":"2026-03-18T09:30:27","slug":"voile-ombrage-made-in-france","status":"publish","type":"page","link":"https:\/\/www.easysail.fr\/site\/voile-ombrage-made-in-france\/","title":{"rendered":"Easy Sail, la voile d\u2019ombrage made in France"},"content":{"rendered":"<div class=\"bloc_hdp \" >\n<div class=\"inner\">\n<h1>La voile d\u2019ombrage made in France<\/h1>\n<\/div>\n<\/div>\n<div id=\"bloc_1\" class=\"bloc_para\">\n<div class=\"inner ptl pbl\">\n<div class=\"grid-1-small-1\">\n<div class=\"para para_1\">\n<p><strong>La voile d\u2019ombrage Easy Sail est une fabrication 100% fran\u00e7aise. Cocorico !<\/strong><\/p>\n<p><img loading=\"lazy\" decoding=\"async\" class=\"aligncenter wp-image-325 size-full\" src=\"data:image\/svg+xml,%3Csvg%20xmlns='http:\/\/www.w3.org\/2000\/svg'%20viewBox='0%200%20200%20132'%3E%3C\/svg%3E\" alt=\"\" width=\"200\" height=\"132\" data-lazy-src=\"https:\/\/www.easysail.fr\/site\/wp-content\/uploads\/drapeau-france.jpg\" \/><noscript><img loading=\"lazy\" decoding=\"async\" class=\"aligncenter wp-image-325 size-full\" src=\"https:\/\/www.easysail.fr\/site\/wp-content\/uploads\/drapeau-france.jpg\" alt=\"\" width=\"200\" height=\"132\" \/><\/noscript><\/p>\n<p>Notre soci\u00e9t\u00e9 est situ\u00e9e \u00e0 Millau, dans le sud de la France. Vous savez, le viaduc, l\u2019Aveyron, la nature\u2026 l\u2019endroit r\u00eav\u00e9 pour concevoir et tester nos voiles sous un soleil de plomb \ud83d\ude42<\/p>\n<p>Nous avons toujours eu \u00e0 c\u0153ur de d\u00e9velopper notre activit\u00e9 ici, en France, car nous croyons en notre savoir-faire fran\u00e7ais et la fabrication fran\u00e7aise.<\/p>\n<div id=\"attachment_143\" style=\"width: 760px\" class=\"wp-caption alignnone\"><img loading=\"lazy\" decoding=\"async\" aria-describedby=\"caption-attachment-143\" class=\"wp-image-143 size-large\" src=\"data:image\/svg+xml,%3Csvg%20xmlns='http:\/\/www.w3.org\/2000\/svg'%20viewBox='0%200%20750%20500'%3E%3C\/svg%3E\" alt=\"\" width=\"750\" height=\"500\" data-lazy-srcset=\"https:\/\/www.easysail.fr\/site\/wp-content\/uploads\/millau-1024x683.jpg 1024w, https:\/\/www.easysail.fr\/site\/wp-content\/uploads\/millau-300x200.jpg 300w\" data-lazy-sizes=\"(max-width: 750px) 100vw, 750px\" data-lazy-src=\"https:\/\/www.easysail.fr\/site\/wp-content\/uploads\/millau-1024x683.jpg\" \/><noscript><img loading=\"lazy\" decoding=\"async\" aria-describedby=\"caption-attachment-143\" class=\"wp-image-143 size-large\" src=\"https:\/\/www.easysail.fr\/site\/wp-content\/uploads\/millau-1024x683.jpg\" alt=\"\" width=\"750\" height=\"500\" srcset=\"https:\/\/www.easysail.fr\/site\/wp-content\/uploads\/millau-1024x683.jpg 1024w, https:\/\/www.easysail.fr\/site\/wp-content\/uploads\/millau-300x200.jpg 300w\" sizes=\"(max-width: 750px) 100vw, 750px\" \/><\/noscript><\/p>\n<p id=\"caption-attachment-143\" class=\"wp-caption-text\">Une voile d&rsquo;ombrage, une nappe au sol et la vue id\u00e9ale pour un pique-nique<\/p>\n<\/div>\n<h2>La qualit\u00e9 made in chez nous<\/h2>\n<p>Gr\u00e2ce \u00e0 notre fabrication 100% fran\u00e7aise, nous ma\u00eetrisons la cha\u00eene de production de bout en bout. L\u2019assurance d\u2019un contr\u00f4le qualit\u00e9 parfait !<\/p>\n<p>Ainsi, nous faisons preuve d\u2019une attention extr\u00eame \u00e0 chaque \u00e9tape de confection de nos <a href=\"https:\/\/www.easysail.fr\/12-toutes-nos-voiles-d-ombrage\">voiles d&rsquo;ombrage<\/a> : de la d\u00e9coupe du tissu \u00e0 l\u2019assemblage final, en passant par tous les traitements techniques, l\u2019emballage, les tests de r\u00e9sistance\u2026<\/p>\n<h2>Un geste pour l\u2019environnement<\/h2>\n<p>Fabriquer nos voiles en France, c\u2019est aussi une volont\u00e9 \u00e9cologique. De ce fait, nos produits n\u00e9cessitent pas ou peu de transport pour leur fabrication et pour leur livraison.<\/p>\n<p>Pour la plan\u00e8te, c\u2019est quand m\u00eame mieux si votre voile d\u2019ombrage ne traverse pas la moiti\u00e9 du globe avant d\u2019arriver chez vous, non ?<\/p>\n<h2>Favoriser l\u2019emploi en France<\/h2>\n<p>Enfin, c\u2019est le meilleur moyen de vous proposer un service client digne de ce nom. En cas de souci ou pour toutes les questions au sujet de nos voiles, vous avez l\u2019assurance d\u2019\u00eatre mis en relation avec des interlocuteurs localis\u00e9s en France.<\/p>\n<p>Nous attachons une grande importance au service client : il nous semble donc indispensable de mettre \u00e0 votre disposition une \u00e9quipe localis\u00e9e sur le territoire fran\u00e7ais. Et puis cela favorise l&#8217;emploi en France !<\/p>\n<p><strong>Acheter une voile d\u2019ombrage Easy Sail, ce n\u2019est donc pas qu\u2019un achat plaisir ou un achat utile. C\u2019est aussi et surtout un achat responsable, citoyen.<\/strong><\/p>\n<p><img loading=\"lazy\" decoding=\"async\" class=\"alignnone size-large wp-image-188\" src=\"data:image\/svg+xml,%3Csvg%20xmlns='http:\/\/www.w3.org\/2000\/svg'%20viewBox='0%200%20750%20885'%3E%3C\/svg%3E\" alt=\"\" width=\"750\" height=\"885\" data-lazy-srcset=\"https:\/\/www.easysail.fr\/site\/wp-content\/uploads\/atelier-fabrication-voile-ombrage-868x1024.jpg 868w, https:\/\/www.easysail.fr\/site\/wp-content\/uploads\/atelier-fabrication-voile-ombrage-254x300.jpg 254w\" data-lazy-sizes=\"(max-width: 750px) 100vw, 750px\" data-lazy-src=\"https:\/\/www.easysail.fr\/site\/wp-content\/uploads\/atelier-fabrication-voile-ombrage-868x1024.jpg\" \/><noscript><img loading=\"lazy\" decoding=\"async\" class=\"alignnone size-large wp-image-188\" src=\"https:\/\/www.easysail.fr\/site\/wp-content\/uploads\/atelier-fabrication-voile-ombrage-868x1024.jpg\" alt=\"\" width=\"750\" height=\"885\" srcset=\"https:\/\/www.easysail.fr\/site\/wp-content\/uploads\/atelier-fabrication-voile-ombrage-868x1024.jpg 868w, https:\/\/www.easysail.fr\/site\/wp-content\/uploads\/atelier-fabrication-voile-ombrage-254x300.jpg 254w\" sizes=\"(max-width: 750px) 100vw, 750px\" \/><\/noscript><\/p>\n<\/div>\n<\/div>\n<\/div>\n<\/div>\n","protected":false},"excerpt":{"rendered":"<p>La voile d\u2019ombrage made in France La voile d\u2019ombrage Easy Sail est une fabrication 100% fran\u00e7aise. Cocorico ! Notre soci\u00e9t\u00e9&#8230;<\/p>\n","protected":false},"author":0,"featured_media":0,"parent":0,"menu_order":0,"comment_status":"closed","ping_status":"closed","template":"","meta":{"footnotes":""},"_links":{"self":[{"href":"https:\/\/www.easysail.fr\/site\/wp-json\/wp\/v2\/pages\/24"}],"collection":[{"href":"https:\/\/www.easysail.fr\/site\/wp-json\/wp\/v2\/pages"}],"about":[{"href":"https:\/\/www.easysail.fr\/site\/wp-json\/wp\/v2\/types\/page"}],"replies":[{"embeddable":true,"href":"https:\/\/www.easysail.fr\/site\/wp-json\/wp\/v2\/comments?post=24"}],"version-history":[{"count":0,"href":"https:\/\/www.easysail.fr\/site\/wp-json\/wp\/v2\/pages\/24\/revisions"}],"wp:attachment":[{"href":"https:\/\/www.easysail.fr\/site\/wp-json\/wp\/v2\/media?parent=24"}],"curies":[{"name":"wp","href":"https:\/\/api.w.org\/{rel}","templated":true}]}}