{"id":12,"date":"2026-03-18T09:30:16","date_gmt":"2026-03-18T09:30:16","guid":{"rendered":"https:\/\/www.easysail.fr\/site\/?page_id=12"},"modified":"2026-03-18T09:30:16","modified_gmt":"2026-03-18T09:30:16","slug":"installation-entretien-voile-ombrage","status":"publish","type":"page","link":"https:\/\/www.easysail.fr\/site\/installation-entretien-voile-ombrage\/","title":{"rendered":"Installation et entretien de votre voile d&#8217;ombrage"},"content":{"rendered":"<div class=\"bloc_hdp \" >\n<div class=\"inner\">\n<h1>Installation et entretien de votre voile d&rsquo;ombrage<\/h1>\n<\/div>\n<\/div>\n<div id=\"bloc_1\" class=\"bloc_para\">\n<div class=\"inner ptl pbl\">\n<div class=\"grid-1-small-1\">\n<div class=\"para para_1\">\n<p><strong>L\u2019installation du produit est facile et rapide.<\/strong><\/p>\n<p>L\u2019installation d\u2019une voile d\u2019ombrage dans votre jardin ou sur votre terrasse apportera ombre, fra\u00eecheur et vous permettra de profiter de votre ext\u00e9rieur, m\u00eame quand il fait tr\u00e8s chaud. Gr\u00e2ce \u00e0 son \u00e9lasticit\u00e9 et sa l\u00e9g\u00e8ret\u00e9, la voile Easy Sail est tr\u00e8s facile \u00e0 poser : un avantage certain par rapport aux autres types de protection pour vous mettre \u00e0 l\u2019ombre.<\/p>\n<p>Easy Sail est l\u2019une des seules voiles d\u2019ombrage \u00e0 ne n\u00e9cessiter <a href=\"https:\/\/www.easysail.fr\/site\/accessoires-voile-ombrage\/\">aucun outil pour son installation<\/a>. De plus, le kit comprend tous les accessoires pour fixer la voile et la tendre.<\/p>\n<p>Et pour vous rendre les choses encore plus simples, voici un petite guide pas-\u00e0-pas pour installer la voile d\u2019ombrage.<\/p>\n<p>&nbsp;<\/p>\n<h2>1. Sortez la voile du carton<\/h2>\n<p>Tout est inclus dans le kit :<\/p>\n<ul>\n<li><a href=\"https:\/\/www.easysail.fr\/\">la voile d&rsquo;ombrage<\/a><\/li>\n<li>les pinces autobloquantes et leurs\u00a0clams de mise en tension (autant d&rsquo;\u00e9l\u00e9ments que la voile compte de pointe)<\/li>\n<li>2,5 m\u00e8tres de corde pour chaque pointe de la voile<\/li>\n<\/ul>\n<p>&nbsp;<\/p>\n<p><a href=\"https:\/\/www.easysail.fr\/site\/wp-content\/uploads\/voile-ombrage-pliee.jpg\"><img loading=\"lazy\" decoding=\"async\" class=\"alignnone size-large wp-image-135\" src=\"data:image\/svg+xml,%3Csvg%20xmlns='http:\/\/www.w3.org\/2000\/svg'%20viewBox='0%200%20750%20466'%3E%3C\/svg%3E\" alt=\"\" width=\"750\" height=\"466\" data-lazy-srcset=\"https:\/\/www.easysail.fr\/site\/wp-content\/uploads\/voile-ombrage-pliee-1024x636.jpg 1024w, https:\/\/www.easysail.fr\/site\/wp-content\/uploads\/voile-ombrage-pliee-300x186.jpg 300w\" data-lazy-sizes=\"(max-width: 750px) 100vw, 750px\" data-lazy-src=\"https:\/\/www.easysail.fr\/site\/wp-content\/uploads\/voile-ombrage-pliee-1024x636.jpg\" \/><noscript><img loading=\"lazy\" decoding=\"async\" class=\"alignnone size-large wp-image-135\" src=\"https:\/\/www.easysail.fr\/site\/wp-content\/uploads\/voile-ombrage-pliee-1024x636.jpg\" alt=\"\" width=\"750\" height=\"466\" srcset=\"https:\/\/www.easysail.fr\/site\/wp-content\/uploads\/voile-ombrage-pliee-1024x636.jpg 1024w, https:\/\/www.easysail.fr\/site\/wp-content\/uploads\/voile-ombrage-pliee-300x186.jpg 300w\" sizes=\"(max-width: 750px) 100vw, 750px\" \/><\/noscript><\/a><\/p>\n<p>Commencez par d\u00e9finir <a href=\"https:\/\/www.easysail.fr\/site\/ou-installer-voile-ombrage\/\">o\u00f9 vous souhaitez tendre la voile<\/a> :\u00a0au-dessus de la terrasse, d&rsquo;une table de jardin, d&rsquo;un spa, &#8230; puis\u00a0posez la voile sur le sol. Cela vous aidera \u00e0 visualiser l&rsquo;espace que prendra la toile. Pensez \u00e0 tenir compte de <strong>l&rsquo;orientation de votre jardin ou de votre terrasse pour le positionnement de la voile<\/strong>. Cela vous permet ainsi d&rsquo;anticiper\u00a0la position\u00a0du soleil dans le ciel pour b\u00e9n\u00e9ficier d&rsquo;un <strong>ombrage maximal<\/strong>, notamment aux heures les plus chaudes de la journ\u00e9e.<\/p>\n<p>N&rsquo;oubliez pas de\u00a0v\u00e9rifier que vous disposez d&rsquo;un <a href=\"https:\/\/www.easysail.fr\/site\/fixer-voile-ombrage\/\">support fixe sur lequel vous pourrez attacher les cordes<\/a>. Il peut s&rsquo;agir d&rsquo;un poteau, d&rsquo;un arbre ou encore d&rsquo;une poutre de la toiture de la maison, &#8230; \u00c0 noter que s&rsquo;il votre jardin ne vous propose aucun support pour attacher les cordes, vous pouvez ancrer <a href=\"https:\/\/www.easysail.fr\/accessoires\/48-mat-et-ancrage-pour-voile-easy-sail.html\">un m\u00e2t pour voile d&rsquo;ombrage<\/a>.<\/p>\n<p>Lorsque vous recevez votre voile Easy Sail, les pinces autobloquantes sont d\u00e9j\u00e0 accroch\u00e9es \u00e0 la toile. Vous avez \u00e9galement la possibilit\u00e9 d&rsquo;ajouter des <a href=\"\/accessoires\/20-pince.html\">pinces suppl\u00e9mentaires<\/a> pour cr\u00e9er\u00a0un\u00a0nouveau point de tension\u00a0et ainsi un design diff\u00e9rent en modifiant la forme initiale de\u00a0la voile.<\/p>\n<p>N&rsquo;h\u00e9sitez pas \u00e0 associer plusieurs voiles. Qu&rsquo;elles soient triangulaires, rectangulaires ou carr\u00e9es, l&rsquo;association de plusieurs voiles couvrira une surface plus importante. Et en plus, cela sera\u00a0tr\u00e8s beau \ud83d\ude42<\/p>\n<p><a href=\"https:\/\/www.easysail.fr\/site\/wp-content\/uploads\/easy_sail_voiles_rouge_blanc_taupe.jpg\"><img loading=\"lazy\" decoding=\"async\" class=\"alignnone size-large wp-image-139\" src=\"data:image\/svg+xml,%3Csvg%20xmlns='http:\/\/www.w3.org\/2000\/svg'%20viewBox='0%200%20750%20563'%3E%3C\/svg%3E\" alt=\"\" width=\"750\" height=\"563\" data-lazy-srcset=\"https:\/\/www.easysail.fr\/site\/wp-content\/uploads\/easy_sail_voiles_rouge_blanc_taupe-1024x768.jpg 1024w, https:\/\/www.easysail.fr\/site\/wp-content\/uploads\/easy_sail_voiles_rouge_blanc_taupe-300x225.jpg 300w\" data-lazy-sizes=\"(max-width: 750px) 100vw, 750px\" data-lazy-src=\"https:\/\/www.easysail.fr\/site\/wp-content\/uploads\/easy_sail_voiles_rouge_blanc_taupe-1024x768.jpg\" \/><noscript><img loading=\"lazy\" decoding=\"async\" class=\"alignnone size-large wp-image-139\" src=\"https:\/\/www.easysail.fr\/site\/wp-content\/uploads\/easy_sail_voiles_rouge_blanc_taupe-1024x768.jpg\" alt=\"\" width=\"750\" height=\"563\" srcset=\"https:\/\/www.easysail.fr\/site\/wp-content\/uploads\/easy_sail_voiles_rouge_blanc_taupe-1024x768.jpg 1024w, https:\/\/www.easysail.fr\/site\/wp-content\/uploads\/easy_sail_voiles_rouge_blanc_taupe-300x225.jpg 300w\" sizes=\"(max-width: 750px) 100vw, 750px\" \/><\/noscript><\/a><\/p>\n<p>&nbsp;<\/p>\n<h2>2.\u00a0Attachez les cordes<\/h2>\n<p>Dans le kit, vous disposez d&rsquo;autant de corde de 2,5m que votre voile compte de pointe. Pour chaque pointe, glissez la corde dans la pince.<\/p>\n<p>Ensuite, attachez l&rsquo;autre bout de la corde au support fixe de votre choix (arbre, poteau, poutre&#8230;). R\u00e9p\u00e9tez l&rsquo;op\u00e9ration pour les autres pointes de la voile.<\/p>\n<p><a href=\"https:\/\/www.easysail.fr\/site\/wp-content\/uploads\/attacher-corde-voile.jpg\"><img loading=\"lazy\" decoding=\"async\" class=\"alignnone size-full wp-image-137\" src=\"data:image\/svg+xml,%3Csvg%20xmlns='http:\/\/www.w3.org\/2000\/svg'%20viewBox='0%200%20696%20763'%3E%3C\/svg%3E\" alt=\"\" width=\"696\" height=\"763\" data-lazy-srcset=\"https:\/\/www.easysail.fr\/site\/wp-content\/uploads\/attacher-corde-voile.jpg 696w, https:\/\/www.easysail.fr\/site\/wp-content\/uploads\/attacher-corde-voile-274x300.jpg 274w\" data-lazy-sizes=\"(max-width: 696px) 100vw, 696px\" data-lazy-src=\"https:\/\/www.easysail.fr\/site\/wp-content\/uploads\/attacher-corde-voile.jpg\" \/><noscript><img loading=\"lazy\" decoding=\"async\" class=\"alignnone size-full wp-image-137\" src=\"https:\/\/www.easysail.fr\/site\/wp-content\/uploads\/attacher-corde-voile.jpg\" alt=\"\" width=\"696\" height=\"763\" srcset=\"https:\/\/www.easysail.fr\/site\/wp-content\/uploads\/attacher-corde-voile.jpg 696w, https:\/\/www.easysail.fr\/site\/wp-content\/uploads\/attacher-corde-voile-274x300.jpg 274w\" sizes=\"(max-width: 696px) 100vw, 696px\" \/><\/noscript><\/a><\/p>\n<p>&nbsp;<\/p>\n<h2>3. Mettez la voile d&rsquo;ombrage sous tension<\/h2>\n<p>Easy Sail a une caract\u00e9ristique unique : <strong>son \u00e9lasticit\u00e9 lui permet de s&rsquo;\u00e9tendre jusqu&rsquo;\u00e0 20% de plus<\/strong> par rapport \u00e0 la cote de d\u00e9part. Par exemple, une fois mise en tension : une voile de 3 m\u00e8tres de c\u00f4t\u00e9 pourra s\u2019\u00e9tirer jusqu\u2019\u00e0 3,5 m\u00e8tres environ. En plus de cr\u00e9er davantage d&rsquo;ombre, cela conf\u00e8re un aspect esth\u00e9tique unique, parfaitement tendu.<\/p>\n<p>Cela renforce \u00e9galement sa <a href=\"https:\/\/www.easysail.fr\/site\/resistance-au-vent-voile-dombrage\/\">r\u00e9sistance au vent<\/a>.<\/p>\n<p>Utilisez le clam pour mettre la voile sous tension, comme le montre l&rsquo;illustration ci-dessous.<\/p>\n<p><a href=\"https:\/\/www.easysail.fr\/site\/wp-content\/uploads\/mise-en-tension-voile.jpg\"><img loading=\"lazy\" decoding=\"async\" class=\"alignnone size-full wp-image-138\" src=\"data:image\/svg+xml,%3Csvg%20xmlns='http:\/\/www.w3.org\/2000\/svg'%20viewBox='0%200%20669%20830'%3E%3C\/svg%3E\" alt=\"\" width=\"669\" height=\"830\" data-lazy-srcset=\"https:\/\/www.easysail.fr\/site\/wp-content\/uploads\/mise-en-tension-voile.jpg 669w, https:\/\/www.easysail.fr\/site\/wp-content\/uploads\/mise-en-tension-voile-242x300.jpg 242w\" data-lazy-sizes=\"(max-width: 669px) 100vw, 669px\" data-lazy-src=\"https:\/\/www.easysail.fr\/site\/wp-content\/uploads\/mise-en-tension-voile.jpg\" \/><noscript><img loading=\"lazy\" decoding=\"async\" class=\"alignnone size-full wp-image-138\" src=\"https:\/\/www.easysail.fr\/site\/wp-content\/uploads\/mise-en-tension-voile.jpg\" alt=\"\" width=\"669\" height=\"830\" srcset=\"https:\/\/www.easysail.fr\/site\/wp-content\/uploads\/mise-en-tension-voile.jpg 669w, https:\/\/www.easysail.fr\/site\/wp-content\/uploads\/mise-en-tension-voile-242x300.jpg 242w\" sizes=\"(max-width: 669px) 100vw, 669px\" \/><\/noscript><\/a><\/p>\n<p>C&rsquo;est fini ! Prenez une citronnade, un bon bouquin&#8230; vous \u00eates pr\u00eat pour une apr\u00e8s-midi d\u00e9tente \u00e0 l&rsquo;ombre \ud83d\ude42<\/p>\n<p><a href=\"https:\/\/www.easysail.fr\/site\/wp-content\/uploads\/citronade-a-l-ombre.jpg\"><img loading=\"lazy\" decoding=\"async\" class=\"alignnone size-large wp-image-140\" src=\"data:image\/svg+xml,%3Csvg%20xmlns='http:\/\/www.w3.org\/2000\/svg'%20viewBox='0%200%20750%20563'%3E%3C\/svg%3E\" alt=\"\" width=\"750\" height=\"563\" data-lazy-srcset=\"https:\/\/www.easysail.fr\/site\/wp-content\/uploads\/citronade-a-l-ombre.jpg 1024w, https:\/\/www.easysail.fr\/site\/wp-content\/uploads\/citronade-a-l-ombre-300x225.jpg 300w\" data-lazy-sizes=\"(max-width: 750px) 100vw, 750px\" data-lazy-src=\"https:\/\/www.easysail.fr\/site\/wp-content\/uploads\/citronade-a-l-ombre-1024x768.jpg\" \/><noscript><img loading=\"lazy\" decoding=\"async\" class=\"alignnone size-large wp-image-140\" src=\"https:\/\/www.easysail.fr\/site\/wp-content\/uploads\/citronade-a-l-ombre-1024x768.jpg\" alt=\"\" width=\"750\" height=\"563\" srcset=\"https:\/\/www.easysail.fr\/site\/wp-content\/uploads\/citronade-a-l-ombre.jpg 1024w, https:\/\/www.easysail.fr\/site\/wp-content\/uploads\/citronade-a-l-ombre-300x225.jpg 300w\" sizes=\"(max-width: 750px) 100vw, 750px\" \/><\/noscript><\/a><\/p>\n<p>&nbsp;<\/p>\n<h2>Et pour l&rsquo;entretien de la voile d&rsquo;ombrage?<\/h2>\n<p>Pas de panique, <a href=\"https:\/\/www.easysail.fr\/site\/entretien-voile-ombrage\/\">l&rsquo;entretien d&rsquo;une voile d&rsquo;ombrage<\/a> est facile \ud83d\ude42<\/p>\n<p>Votre Easy Sail passe en machine. Elle a re\u00e7u\u00a0un traitement d\u2019imputrescibilit\u00e9 et un traitement sp\u00e9cifique d\u00e9perlant. Elle remplira sa fonction et embellira votre espace ext\u00e9rieur durant toute la saison. Vous pouvez laisser les pinces autobloquantes accroch\u00e9es \u00e0 la toile pour le passage en machine.<\/p>\n<p>Une fois l&rsquo;\u00e9t\u00e9 fini, nous vous conseillons de passer la voile \u00e0 la machine puis de l&rsquo;entreposer dans un endroit \u00e0 l&rsquo;abri de l&rsquo;humidit\u00e9. La voile gardera ainsi toute sa splendeur d&rsquo;\u00e9t\u00e9 en \u00e9t\u00e9.<\/p>\n<p><a href=\"https:\/\/www.easysail.fr\/site\/wp-content\/uploads\/lavable-en-machine.jpg\"><img loading=\"lazy\" decoding=\"async\" class=\"alignnone size-full wp-image-141\" src=\"data:image\/svg+xml,%3Csvg%20xmlns='http:\/\/www.w3.org\/2000\/svg'%20viewBox='0%200%20479%20323'%3E%3C\/svg%3E\" alt=\"\" width=\"479\" height=\"323\" data-lazy-srcset=\"https:\/\/www.easysail.fr\/site\/wp-content\/uploads\/lavable-en-machine.jpg 479w, https:\/\/www.easysail.fr\/site\/wp-content\/uploads\/lavable-en-machine-300x202.jpg 300w\" data-lazy-sizes=\"(max-width: 479px) 100vw, 479px\" data-lazy-src=\"https:\/\/www.easysail.fr\/site\/wp-content\/uploads\/lavable-en-machine.jpg\" \/><noscript><img loading=\"lazy\" decoding=\"async\" class=\"alignnone size-full wp-image-141\" src=\"https:\/\/www.easysail.fr\/site\/wp-content\/uploads\/lavable-en-machine.jpg\" alt=\"\" width=\"479\" height=\"323\" srcset=\"https:\/\/www.easysail.fr\/site\/wp-content\/uploads\/lavable-en-machine.jpg 479w, https:\/\/www.easysail.fr\/site\/wp-content\/uploads\/lavable-en-machine-300x202.jpg 300w\" sizes=\"(max-width: 479px) 100vw, 479px\" \/><\/noscript><\/a><\/p>\n<\/div>\n<\/div>\n<\/div>\n<\/div>\n","protected":false},"excerpt":{"rendered":"<p>Installation et entretien de votre voile d&rsquo;ombrage L\u2019installation du produit est facile et rapide. L\u2019installation d\u2019une voile d\u2019ombrage dans votre&#8230;<\/p>\n","protected":false},"author":0,"featured_media":0,"parent":0,"menu_order":0,"comment_status":"closed","ping_status":"closed","template":"","meta":{"footnotes":""},"_links":{"self":[{"href":"https:\/\/www.easysail.fr\/site\/wp-json\/wp\/v2\/pages\/12"}],"collection":[{"href":"https:\/\/www.easysail.fr\/site\/wp-json\/wp\/v2\/pages"}],"about":[{"href":"https:\/\/www.easysail.fr\/site\/wp-json\/wp\/v2\/types\/page"}],"replies":[{"embeddable":true,"href":"https:\/\/www.easysail.fr\/site\/wp-json\/wp\/v2\/comments?post=12"}],"version-history":[{"count":0,"href":"https:\/\/www.easysail.fr\/site\/wp-json\/wp\/v2\/pages\/12\/revisions"}],"wp:attachment":[{"href":"https:\/\/www.easysail.fr\/site\/wp-json\/wp\/v2\/media?parent=12"}],"curies":[{"name":"wp","href":"https:\/\/api.w.org\/{rel}","templated":true}]}}